{"id":1742,"date":"2026-02-13T08:14:32","date_gmt":"2026-02-13T07:14:32","guid":{"rendered":"https:\/\/coaching-beausemblant.fr\/?page_id=1742"},"modified":"2026-02-13T08:26:46","modified_gmt":"2026-02-13T07:26:46","slug":"life-coaching-fait-peau-neuve","status":"publish","type":"page","link":"https:\/\/coaching-beausemblant.fr\/index.php\/life-coaching-fait-peau-neuve\/","title":{"rendered":"Life Coaching fait peau neuve"},"content":{"rendered":"\t\t<div data-elementor-type=\"wp-page\" data-elementor-id=\"1742\" class=\"elementor elementor-1742\">\n\t\t\t\t\t\t<section class=\"elementor-section elementor-top-section elementor-element elementor-element-5eab928 elementor-section-boxed elementor-section-height-default elementor-section-height-default\" data-id=\"5eab928\" data-element_type=\"section\" data-e-type=\"section\">\n\t\t\t\t\t\t<div class=\"elementor-container elementor-column-gap-default\">\n\t\t\t\t\t<div class=\"elementor-column elementor-col-100 elementor-top-column elementor-element elementor-element-f23e815\" data-id=\"f23e815\" data-element_type=\"column\" data-e-type=\"column\">\n\t\t\t<div class=\"elementor-widget-wrap elementor-element-populated\">\n\t\t\t\t\t\t<div class=\"elementor-element elementor-element-0c083c0 elementor-widget elementor-widget-spacer\" data-id=\"0c083c0\" data-element_type=\"widget\" data-e-type=\"widget\" data-widget_type=\"spacer.default\">\n\t\t\t\t<div class=\"elementor-widget-container\">\n\t\t\t\t\t\t\t<div class=\"elementor-spacer\">\n\t\t\t<div class=\"elementor-spacer-inner\"><\/div>\n\t\t<\/div>\n\t\t\t\t\t\t<\/div>\n\t\t\t\t<\/div>\n\t\t\t\t<div class=\"elementor-element elementor-element-bdd9264 elementor-widget elementor-widget-text-editor\" data-id=\"bdd9264\" data-element_type=\"widget\" data-e-type=\"widget\" data-widget_type=\"text-editor.default\">\n\t\t\t\t<div class=\"elementor-widget-container\">\n\t\t\t\t\t\t\t\t\t<div style=\"font-size: 28px; line-height: 1.6;\">\n<p>Pour simplifier les \u00e9changes et centraliser les informations,<br \/><strong>Life Coaching \u00e9volue<\/strong>.<\/p>\n<p>D\u00e9sormais, toutes les actualit\u00e9s, horaires, disponibilit\u00e9s et informations pratiques sont publi\u00e9s sur ma<br \/><strong>page Facebook officielle<\/strong>.<\/p>\n<p>\ud83d\udc49 <strong>Retrouvez-moi ici :\u00a0<\/strong><a style=\"font-size: 22px;\" href=\"https:\/\/www.facebook.com\/PilatesYogaTullins\/?locale=fr_FR\" target=\"_blank\" rel=\"noopener\">https:\/\/www.facebook.com\/PilatesYogaTullins\/<br \/><\/a><\/p>\n<\/div>\t\t\t\t\t\t\t\t<\/div>\n\t\t\t\t<\/div>\n\t\t\t\t<div class=\"elementor-element elementor-element-a8c59fe elementor-widget elementor-widget-spacer\" data-id=\"a8c59fe\" data-element_type=\"widget\" data-e-type=\"widget\" data-widget_type=\"spacer.default\">\n\t\t\t\t<div class=\"elementor-widget-container\">\n\t\t\t\t\t\t\t<div class=\"elementor-spacer\">\n\t\t\t<div class=\"elementor-spacer-inner\"><\/div>\n\t\t<\/div>\n\t\t\t\t\t\t<\/div>\n\t\t\t\t<\/div>\n\t\t\t\t\t<\/div>\n\t\t<\/div>\n\t\t\t\t\t<\/div>\n\t\t<\/section>\n\t\t\t\t<section class=\"elementor-section elementor-top-section elementor-element elementor-element-8c5c0d9 elementor-section-boxed elementor-section-height-default elementor-section-height-default\" data-id=\"8c5c0d9\" data-element_type=\"section\" data-e-type=\"section\">\n\t\t\t\t\t\t<div class=\"elementor-container elementor-column-gap-default\">\n\t\t\t\t\t<div class=\"elementor-column elementor-col-50 elementor-top-column elementor-element elementor-element-c2d10db\" data-id=\"c2d10db\" data-element_type=\"column\" data-e-type=\"column\">\n\t\t\t<div class=\"elementor-widget-wrap elementor-element-populated\">\n\t\t\t\t\t\t<div class=\"elementor-element elementor-element-372db4f elementor-widget elementor-widget-heading\" data-id=\"372db4f\" data-element_type=\"widget\" data-e-type=\"widget\" data-widget_type=\"heading.default\">\n\t\t\t\t<div class=\"elementor-widget-container\">\n\t\t\t\t\t<h2 class=\"elementor-heading-title elementor-size-default\">Pourquoi ce changement ?<\/h2>\t\t\t\t<\/div>\n\t\t\t\t<\/div>\n\t\t\t\t<div class=\"elementor-element elementor-element-4d45257 elementor-widget elementor-widget-text-editor\" data-id=\"4d45257\" data-element_type=\"widget\" data-e-type=\"widget\" data-widget_type=\"text-editor.default\">\n\t\t\t\t<div class=\"elementor-widget-container\">\n\t\t\t\t\t\t\t\t\t<ul>\n<li data-start=\"483\" data-end=\"520\">\n<p data-start=\"485\" data-end=\"520\">Informations de r\u00e9servation<\/p>\n<\/li>\n<li data-start=\"553\" data-end=\"578\">\n<p data-start=\"555\" data-end=\"578\">Annonces &amp; nouveaut\u00e9s<\/p>\n<\/li>\n<li data-start=\"579\" data-end=\"625\">\n<p data-start=\"581\" data-end=\"625\">Messagerie directe pour une r\u00e9ponse rapide<\/p>\n<\/li>\n<\/ul>\t\t\t\t\t\t\t\t<\/div>\n\t\t\t\t<\/div>\n\t\t\t\t\t<\/div>\n\t\t<\/div>\n\t\t\t\t<div class=\"elementor-column elementor-col-50 elementor-top-column elementor-element elementor-element-5e6df4d\" data-id=\"5e6df4d\" data-element_type=\"column\" data-e-type=\"column\">\n\t\t\t<div class=\"elementor-widget-wrap elementor-element-populated\">\n\t\t\t\t\t\t<div class=\"elementor-element elementor-element-96029f7 elementor-widget elementor-widget-heading\" data-id=\"96029f7\" data-element_type=\"widget\" data-e-type=\"widget\" data-widget_type=\"heading.default\">\n\t\t\t\t<div class=\"elementor-widget-container\">\n\t\t\t\t\t<h2 class=\"elementor-heading-title elementor-size-default\">Contact direct<\/h2>\t\t\t\t<\/div>\n\t\t\t\t<\/div>\n\t\t\t\t<div class=\"elementor-element elementor-element-8baeb21 elementor-widget elementor-widget-text-editor\" data-id=\"8baeb21\" data-element_type=\"widget\" data-e-type=\"widget\" data-widget_type=\"text-editor.default\">\n\t\t\t\t<div class=\"elementor-widget-container\">\n\t\t\t\t\t\t\t\t\t<div style=\"font-size: 22px; line-height: 1.6;\">\n<p>\ud83d\udcde 06 31 78 72 10<\/p>\n<p><br \/>\u2709\ufe0f <a style=\"font-size: 22px;\" href=\"mailto:j.sibut.coach@gmail.com\" rel=\"noopener\"> j.sibut.coach@gmail.com <\/a><\/p>\n<p>Si vous avez la moindre question, n\u2019h\u00e9sitez pas \u00e0 m\u2019appeler ou \u00e0 m\u2019\u00e9crire.<\/p>\n<\/div>\t\t\t\t\t\t\t\t<\/div>\n\t\t\t\t<\/div>\n\t\t\t\t\t<\/div>\n\t\t<\/div>\n\t\t\t\t\t<\/div>\n\t\t<\/section>\n\t\t\t\t<section class=\"elementor-section elementor-top-section elementor-element elementor-element-96c8dc2 elementor-section-boxed elementor-section-height-default elementor-section-height-default\" data-id=\"96c8dc2\" data-element_type=\"section\" data-e-type=\"section\">\n\t\t\t\t\t\t<div class=\"elementor-container elementor-column-gap-default\">\n\t\t\t\t\t<div class=\"elementor-column elementor-col-100 elementor-top-column elementor-element elementor-element-1bcec60\" data-id=\"1bcec60\" data-element_type=\"column\" data-e-type=\"column\">\n\t\t\t<div class=\"elementor-widget-wrap elementor-element-populated\">\n\t\t\t\t\t\t<div class=\"elementor-element elementor-element-cf6b2d3 elementor-widget-divider--view-line elementor-widget elementor-widget-divider\" data-id=\"cf6b2d3\" data-element_type=\"widget\" data-e-type=\"widget\" data-widget_type=\"divider.default\">\n\t\t\t\t<div class=\"elementor-widget-container\">\n\t\t\t\t\t\t\t<div class=\"elementor-divider\">\n\t\t\t<span class=\"elementor-divider-separator\">\n\t\t\t\t\t\t<\/span>\n\t\t<\/div>\n\t\t\t\t\t\t<\/div>\n\t\t\t\t<\/div>\n\t\t\t\t\t<\/div>\n\t\t<\/div>\n\t\t\t\t\t<\/div>\n\t\t<\/section>\n\t\t\t\t<\/div>\n\t\t","protected":false},"excerpt":{"rendered":"<p>Pour simplifier les \u00e9changes et centraliser les informations,Life Coaching \u00e9volue. D\u00e9sormais, toutes les actualit\u00e9s, horaires, disponibilit\u00e9s et informations pratiques sont publi\u00e9s sur mapage Facebook officielle. \ud83d\udc49 Retrouvez-moi ici :\u00a0https:\/\/www.facebook.com\/PilatesYogaTullins\/ Pourquoi ce changement ? Informations de r\u00e9servation Annonces &amp; nouveaut\u00e9s Messagerie directe pour une r\u00e9ponse rapide Contact direct \ud83d\udcde 06 31 78 72 10 \u2709\ufe0f j.sibut.coach@gmail.com [&hellip;]<\/p>\n","protected":false},"author":1,"featured_media":0,"parent":0,"menu_order":0,"comment_status":"closed","ping_status":"closed","template":"","meta":{"footnotes":""},"class_list":["post-1742","page","type-page","status-publish","hentry"],"yoast_head":"<!-- This site is optimized with the Yoast SEO plugin v26.9 - https:\/\/yoast.com\/product\/yoast-seo-wordpress\/ -->\n<title>Life Coaching fait peau neuve - Life Coaching<\/title>\n<meta name=\"robots\" content=\"index, follow, max-snippet:-1, max-image-preview:large, max-video-preview:-1\" \/>\n<link rel=\"canonical\" href=\"https:\/\/coaching-beausemblant.fr\/index.php\/life-coaching-fait-peau-neuve\/\" \/>\n<meta property=\"og:locale\" content=\"fr_FR\" \/>\n<meta property=\"og:type\" content=\"article\" \/>\n<meta property=\"og:title\" content=\"Life Coaching fait peau neuve - Life Coaching\" \/>\n<meta property=\"og:description\" content=\"Pour simplifier les \u00e9changes et centraliser les informations,Life Coaching \u00e9volue. D\u00e9sormais, toutes les actualit\u00e9s, horaires, disponibilit\u00e9s et informations pratiques sont publi\u00e9s sur mapage Facebook officielle. \ud83d\udc49 Retrouvez-moi ici :\u00a0https:\/\/www.facebook.com\/PilatesYogaTullins\/ Pourquoi ce changement ? Informations de r\u00e9servation Annonces &amp; nouveaut\u00e9s Messagerie directe pour une r\u00e9ponse rapide Contact direct \ud83d\udcde 06 31 78 72 10 \u2709\ufe0f j.sibut.coach@gmail.com [&hellip;]\" \/>\n<meta property=\"og:url\" content=\"https:\/\/coaching-beausemblant.fr\/index.php\/life-coaching-fait-peau-neuve\/\" \/>\n<meta property=\"og:site_name\" content=\"Life Coaching\" \/>\n<meta property=\"article:modified_time\" content=\"2026-02-13T07:26:46+00:00\" \/>\n<meta name=\"twitter:card\" content=\"summary_large_image\" \/>\n<meta name=\"twitter:label1\" content=\"Dur\u00e9e de lecture estim\u00e9e\" \/>\n\t<meta name=\"twitter:data1\" content=\"1 minute\" \/>\n<script type=\"application\/ld+json\" class=\"yoast-schema-graph\">{\"@context\":\"https:\/\/schema.org\",\"@graph\":[{\"@type\":\"WebPage\",\"@id\":\"https:\/\/coaching-beausemblant.fr\/index.php\/life-coaching-fait-peau-neuve\/\",\"url\":\"https:\/\/coaching-beausemblant.fr\/index.php\/life-coaching-fait-peau-neuve\/\",\"name\":\"Life Coaching fait peau neuve - Life Coaching\",\"isPartOf\":{\"@id\":\"https:\/\/coaching-beausemblant.fr\/#website\"},\"datePublished\":\"2026-02-13T07:14:32+00:00\",\"dateModified\":\"2026-02-13T07:26:46+00:00\",\"breadcrumb\":{\"@id\":\"https:\/\/coaching-beausemblant.fr\/index.php\/life-coaching-fait-peau-neuve\/#breadcrumb\"},\"inLanguage\":\"fr-FR\",\"potentialAction\":[{\"@type\":\"ReadAction\",\"target\":[\"https:\/\/coaching-beausemblant.fr\/index.php\/life-coaching-fait-peau-neuve\/\"]}]},{\"@type\":\"BreadcrumbList\",\"@id\":\"https:\/\/coaching-beausemblant.fr\/index.php\/life-coaching-fait-peau-neuve\/#breadcrumb\",\"itemListElement\":[{\"@type\":\"ListItem\",\"position\":1,\"name\":\"Accueil\",\"item\":\"https:\/\/coaching-beausemblant.fr\/\"},{\"@type\":\"ListItem\",\"position\":2,\"name\":\"Life Coaching fait peau neuve\"}]},{\"@type\":\"WebSite\",\"@id\":\"https:\/\/coaching-beausemblant.fr\/#website\",\"url\":\"https:\/\/coaching-beausemblant.fr\/\",\"name\":\"Life Coaching\",\"description\":\"Vivez une exp\u00e9rience de coaching diff\u00e9rente pour d\u00e9couvrir la meilleure version de vous-m\u00eame\",\"publisher\":{\"@id\":\"https:\/\/coaching-beausemblant.fr\/#organization\"},\"potentialAction\":[{\"@type\":\"SearchAction\",\"target\":{\"@type\":\"EntryPoint\",\"urlTemplate\":\"https:\/\/coaching-beausemblant.fr\/?s={search_term_string}\"},\"query-input\":{\"@type\":\"PropertyValueSpecification\",\"valueRequired\":true,\"valueName\":\"search_term_string\"}}],\"inLanguage\":\"fr-FR\"},{\"@type\":\"Organization\",\"@id\":\"https:\/\/coaching-beausemblant.fr\/#organization\",\"name\":\"Life Coaching\",\"url\":\"https:\/\/coaching-beausemblant.fr\/\",\"logo\":{\"@type\":\"ImageObject\",\"inLanguage\":\"fr-FR\",\"@id\":\"https:\/\/coaching-beausemblant.fr\/#\/schema\/logo\/image\/\",\"url\":\"https:\/\/coaching-beausemblant.fr\/wp-content\/uploads\/2021\/01\/cropped-Life-Coaching-Logo3.png\",\"contentUrl\":\"https:\/\/coaching-beausemblant.fr\/wp-content\/uploads\/2021\/01\/cropped-Life-Coaching-Logo3.png\",\"width\":240,\"height\":71,\"caption\":\"Life Coaching\"},\"image\":{\"@id\":\"https:\/\/coaching-beausemblant.fr\/#\/schema\/logo\/image\/\"}}]}<\/script>\n<!-- \/ Yoast SEO plugin. -->","yoast_head_json":{"title":"Life Coaching fait peau neuve - Life Coaching","robots":{"index":"index","follow":"follow","max-snippet":"max-snippet:-1","max-image-preview":"max-image-preview:large","max-video-preview":"max-video-preview:-1"},"canonical":"https:\/\/coaching-beausemblant.fr\/index.php\/life-coaching-fait-peau-neuve\/","og_locale":"fr_FR","og_type":"article","og_title":"Life Coaching fait peau neuve - Life Coaching","og_description":"Pour simplifier les \u00e9changes et centraliser les informations,Life Coaching \u00e9volue. D\u00e9sormais, toutes les actualit\u00e9s, horaires, disponibilit\u00e9s et informations pratiques sont publi\u00e9s sur mapage Facebook officielle. \ud83d\udc49 Retrouvez-moi ici :\u00a0https:\/\/www.facebook.com\/PilatesYogaTullins\/ Pourquoi ce changement ? Informations de r\u00e9servation Annonces &amp; nouveaut\u00e9s Messagerie directe pour une r\u00e9ponse rapide Contact direct \ud83d\udcde 06 31 78 72 10 \u2709\ufe0f j.sibut.coach@gmail.com [&hellip;]","og_url":"https:\/\/coaching-beausemblant.fr\/index.php\/life-coaching-fait-peau-neuve\/","og_site_name":"Life Coaching","article_modified_time":"2026-02-13T07:26:46+00:00","twitter_card":"summary_large_image","twitter_misc":{"Dur\u00e9e de lecture estim\u00e9e":"1 minute"},"schema":{"@context":"https:\/\/schema.org","@graph":[{"@type":"WebPage","@id":"https:\/\/coaching-beausemblant.fr\/index.php\/life-coaching-fait-peau-neuve\/","url":"https:\/\/coaching-beausemblant.fr\/index.php\/life-coaching-fait-peau-neuve\/","name":"Life Coaching fait peau neuve - Life Coaching","isPartOf":{"@id":"https:\/\/coaching-beausemblant.fr\/#website"},"datePublished":"2026-02-13T07:14:32+00:00","dateModified":"2026-02-13T07:26:46+00:00","breadcrumb":{"@id":"https:\/\/coaching-beausemblant.fr\/index.php\/life-coaching-fait-peau-neuve\/#breadcrumb"},"inLanguage":"fr-FR","potentialAction":[{"@type":"ReadAction","target":["https:\/\/coaching-beausemblant.fr\/index.php\/life-coaching-fait-peau-neuve\/"]}]},{"@type":"BreadcrumbList","@id":"https:\/\/coaching-beausemblant.fr\/index.php\/life-coaching-fait-peau-neuve\/#breadcrumb","itemListElement":[{"@type":"ListItem","position":1,"name":"Accueil","item":"https:\/\/coaching-beausemblant.fr\/"},{"@type":"ListItem","position":2,"name":"Life Coaching fait peau neuve"}]},{"@type":"WebSite","@id":"https:\/\/coaching-beausemblant.fr\/#website","url":"https:\/\/coaching-beausemblant.fr\/","name":"Life Coaching","description":"Vivez une exp\u00e9rience de coaching diff\u00e9rente pour d\u00e9couvrir la meilleure version de vous-m\u00eame","publisher":{"@id":"https:\/\/coaching-beausemblant.fr\/#organization"},"potentialAction":[{"@type":"SearchAction","target":{"@type":"EntryPoint","urlTemplate":"https:\/\/coaching-beausemblant.fr\/?s={search_term_string}"},"query-input":{"@type":"PropertyValueSpecification","valueRequired":true,"valueName":"search_term_string"}}],"inLanguage":"fr-FR"},{"@type":"Organization","@id":"https:\/\/coaching-beausemblant.fr\/#organization","name":"Life Coaching","url":"https:\/\/coaching-beausemblant.fr\/","logo":{"@type":"ImageObject","inLanguage":"fr-FR","@id":"https:\/\/coaching-beausemblant.fr\/#\/schema\/logo\/image\/","url":"https:\/\/coaching-beausemblant.fr\/wp-content\/uploads\/2021\/01\/cropped-Life-Coaching-Logo3.png","contentUrl":"https:\/\/coaching-beausemblant.fr\/wp-content\/uploads\/2021\/01\/cropped-Life-Coaching-Logo3.png","width":240,"height":71,"caption":"Life Coaching"},"image":{"@id":"https:\/\/coaching-beausemblant.fr\/#\/schema\/logo\/image\/"}}]}},"jetpack_sharing_enabled":true,"_links":{"self":[{"href":"https:\/\/coaching-beausemblant.fr\/index.php\/wp-json\/wp\/v2\/pages\/1742","targetHints":{"allow":["GET"]}}],"collection":[{"href":"https:\/\/coaching-beausemblant.fr\/index.php\/wp-json\/wp\/v2\/pages"}],"about":[{"href":"https:\/\/coaching-beausemblant.fr\/index.php\/wp-json\/wp\/v2\/types\/page"}],"author":[{"embeddable":true,"href":"https:\/\/coaching-beausemblant.fr\/index.php\/wp-json\/wp\/v2\/users\/1"}],"replies":[{"embeddable":true,"href":"https:\/\/coaching-beausemblant.fr\/index.php\/wp-json\/wp\/v2\/comments?post=1742"}],"version-history":[{"count":7,"href":"https:\/\/coaching-beausemblant.fr\/index.php\/wp-json\/wp\/v2\/pages\/1742\/revisions"}],"predecessor-version":[{"id":1749,"href":"https:\/\/coaching-beausemblant.fr\/index.php\/wp-json\/wp\/v2\/pages\/1742\/revisions\/1749"}],"wp:attachment":[{"href":"https:\/\/coaching-beausemblant.fr\/index.php\/wp-json\/wp\/v2\/media?parent=1742"}],"curies":[{"name":"wp","href":"https:\/\/api.w.org\/{rel}","templated":true}]}}